{"id":21245258,"date":"2025-06-12T16:25:19","date_gmt":"2025-06-12T16:25:19","guid":{"rendered":"https:\/\/reachingu.org\/?page_id=21245258"},"modified":"2025-07-01T19:26:26","modified_gmt":"2025-07-01T19:26:26","slug":"futbol-por-la-educacion-2025","status":"publish","type":"page","link":"https:\/\/reachingu.org\/en\/futbol-por-la-educacion-2025\/","title":{"rendered":"Soccer for Education: a day that brought together sports, values, and school communities"},"content":{"rendered":"<p>[et_pb_section fb_built=&#8221;1&#8243; _builder_version=&#8221;4.27.4&#8243; _module_preset=&#8221;default&#8221; global_colors_info=&#8221;{}&#8221;][et_pb_row _builder_version=&#8221;4.27.4&#8243; _module_preset=&#8221;default&#8221; global_colors_info=&#8221;{}&#8221;][et_pb_column type=&#8221;4_4&#8243; _builder_version=&#8221;4.27.4&#8243; _module_preset=&#8221;default&#8221; global_colors_info=&#8221;{}&#8221;][et_pb_text _builder_version=&#8221;4.27.4&#8243; _module_preset=&#8221;default&#8221; global_colors_info=&#8221;{}&#8221;]<\/p>\n<h3><b>Soccer for Education: a day that brought together sports, values, and school communities<\/b><\/h3>\n<p><\/p>\n<p>&nbsp;<\/p>\n<p><\/p>\n<p><span style=\"font-weight: 400;\">Montevideo, June 10, 2025 \u2013 Fundaci\u00f3n ReachingU, in partnership with the Pelota al Medio program of the Ministry of the Interior and the UNESCO Office in Montevideo, held the first Soccer for Education event \u2014an initiative that brought together Uruguayan football legends and 190 children from public schools in Casab\u00f3, Malv\u00edn Norte, Marconi, and Cruz de Carrasco.<\/span><\/p>\n<p><\/p>\n<p><span style=\"font-weight: 400;\">The activity took place at the Old Christians Club and marked the kickoff of a project that combines sports, education, and solidarity, aiming to promote coexistence, respect, and teamwork through a meaningful experience. What was experienced on the field will continue in the classroom: each participating school will develop pedagogical activities to further explore the values of sport as part of their educational project.<\/span><\/p>\n<p><\/p>\n<p><span style=\"font-weight: 400;\">\u201cIn Uruguay, soccer is identity and inspiration. We want to harness this shared language to connect dreams with opportunities and to sow values that can transform realities,\u201d said Paula Mosera, Executive Director of Fundaci\u00f3n ReachingU.<\/span><\/p>\n<p>[\/et_pb_text][et_pb_code _builder_version=&#8221;4.27.4&#8243; _module_preset=&#8221;default&#8221; hover_enabled=&#8221;0&#8243; sticky_enabled=&#8221;0&#8243;]<pee><iframe title=\"YouTube video player\" src=\"https:\/\/www.youtube.com\/embed\/zNipVkNsspw?si=Gfz_A7QPf5m7HCc9\" width=\"560\" height=\"315\" frameborder=\"0\" allowfullscreen=\"allowfullscreen\"><\/iframe><\/pee>[\/et_pb_code][et_pb_text _builder_version=&#8221;4.27.4&#8243; _module_preset=&#8221;default&#8221; global_colors_info=&#8221;{}&#8221;]<\/p>\n<h3><b>Inspiring heroes<\/b><\/h3>\n<p><\/p>\n<p>&nbsp;<\/p>\n<p><\/p>\n<p><span style=\"font-weight: 400;\">Throughout the day, children played side by side with some of Uruguay\u2019s most iconic soccer figures, who said yes from the start and participated with humility, joy, and commitment.<\/span><\/p>\n<p><\/p>\n<p>&nbsp;<\/p>\n<p><\/p>\n<p><span style=\"font-weight: 400;\">The players who took part were: Diego Aguirre, \u00c1lvaro Guti\u00e9rrez, Christian \u201cCebolla\u201d Rodr\u00edguez, Gonzalo \u201cChory\u201d Castro, Fabi\u00e1n Carini, Andr\u00e9s Scotti, Juan Castillo, Dar\u00edo Rodr\u00edguez, \u00c1lvaro \u201cTata\u201d Gonz\u00e1lez, Juliana Castro, Yamila Badell, Daiana Far\u00edas, Vanina Sburlati, Sasha Larrea, and Mar\u00eda Paz Vila.<\/span><\/p>\n<p><\/p>\n<p>&nbsp;<\/p>\n<p><\/p>\n<p><b>Sponsors: <\/b><span style=\"font-weight: 400;\">Divino &#8211; Andamos Volando &#8211; Citro\u00ebn &#8211; Frog<\/span><\/p>\n<p><\/p>\n<p>&nbsp;<\/p>\n<p><\/p>\n<p><b>Supported by: <\/b><span style=\"font-weight: 400;\">Sarubbi &#8211; Publicartel &#8211; CUTCSA &#8211; SEMM &#8211; Gatorade &#8211; Proexur Dole &#8211;\u00a0 Bauducco &#8211; Lekker &#8211; Salus &#8211; Securitas &#8211; Old Christians Club &#8211; Pipa &#8211; CEMPRE<\/span><\/p>\n<p>[\/et_pb_text][et_pb_code _builder_version=&#8221;4.27.4&#8243; _module_preset=&#8221;default&#8221; global_colors_info=&#8221;{}&#8221;]<pee><a title=\"F\u00fatbol por la Educaci\u00f3n\" href=\"https:\/\/www.flickr.com\/photos\/152553560@N05\/albums\/72177720326835784\" data-flickr-embed=\"true\"><img decoding=\"async\" src=\"https:\/\/live.staticflickr.com\/65535\/54585148980_dbacf83cf9_b.jpg\" alt=\"F\u00fatbol por la Educaci\u00f3n\" width=\"1600\" height=\"1200\" \/><\/a><script async src=\"\/\/embedr.flickr.com\/assets\/client-code.js\" charset=\"utf-8\"><\/script><\/pee>[\/et_pb_code][\/et_pb_column][\/et_pb_row][et_pb_row column_structure=&#8221;2_5,3_5&#8243; _builder_version=&#8221;4.27.4&#8243; _module_preset=&#8221;default&#8221; global_colors_info=&#8221;{}&#8221;][et_pb_column type=&#8221;2_5&#8243; _builder_version=&#8221;4.27.4&#8243; _module_preset=&#8221;default&#8221; global_colors_info=&#8221;{}&#8221;][et_pb_heading title=&#8221;ORGANIZED BY:&#8221; _builder_version=&#8221;4.27.4&#8243; _module_preset=&#8221;default&#8221; global_colors_info=&#8221;{}&#8221;][\/et_pb_heading][et_pb_image src=&#8221;https:\/\/reachingu.org\/wp-content\/uploads\/2025\/06\/RU_logo-nuevo_transparete-horizontal-01-2-scaled.png&#8221; title_text=&#8221;RU_logo nuevo_transparete horizontal-01&#8243; _builder_version=&#8221;4.27.4&#8243; _module_preset=&#8221;default&#8221; custom_padding=&#8221;|56px||||&#8221; global_colors_info=&#8221;{}&#8221;][\/et_pb_image][\/et_pb_column][et_pb_column type=&#8221;3_5&#8243; _builder_version=&#8221;4.27.4&#8243; _module_preset=&#8221;default&#8221; global_colors_info=&#8221;{}&#8221;][et_pb_heading title=&#8221;IN PARTNERSHIP WITH:&#8221; _builder_version=&#8221;4.27.4&#8243; _module_preset=&#8221;default&#8221; global_colors_info=&#8221;{}&#8221;][\/et_pb_heading][et_pb_image src=&#8221;https:\/\/reachingu.org\/wp-content\/uploads\/2025\/06\/EN-ALIANZA-CON-scaled.png&#8221; title_text=&#8221;EN ALIANZA CON&#8221; _builder_version=&#8221;4.27.4&#8243; _module_preset=&#8221;default&#8221; width=&#8221;99.8%&#8221; global_colors_info=&#8221;{}&#8221;][\/et_pb_image][et_pb_text _builder_version=&#8221;4.27.4&#8243; _module_preset=&#8221;default&#8221; global_colors_info=&#8221;{}&#8221;][\/et_pb_text][\/et_pb_column][\/et_pb_row][et_pb_row column_structure=&#8221;1_2,1_2&#8243; _builder_version=&#8221;4.27.4&#8243; _module_preset=&#8221;default&#8221; global_colors_info=&#8221;{}&#8221;][et_pb_column type=&#8221;1_2&#8243; _builder_version=&#8221;4.27.4&#8243; _module_preset=&#8221;default&#8221; global_colors_info=&#8221;{}&#8221;][et_pb_heading title=&#8221;SPONSORS:&#8221; _builder_version=&#8221;4.27.4&#8243; _module_preset=&#8221;default&#8221; global_colors_info=&#8221;{}&#8221;][\/et_pb_heading][\/et_pb_column][et_pb_column type=&#8221;1_2&#8243; _builder_version=&#8221;4.27.4&#8243; _module_preset=&#8221;default&#8221; global_colors_info=&#8221;{}&#8221;][et_pb_text _builder_version=&#8221;4.27.4&#8243; _module_preset=&#8221;default&#8221; global_colors_info=&#8221;{}&#8221;][\/et_pb_text][\/et_pb_column][\/et_pb_row][et_pb_row _builder_version=&#8221;4.27.4&#8243; _module_preset=&#8221;default&#8221; min_height=&#8221;900px&#8221; custom_padding=&#8221;0px|||||&#8221; global_colors_info=&#8221;{}&#8221;][et_pb_column type=&#8221;4_4&#8243; _builder_version=&#8221;4.27.4&#8243; _module_preset=&#8221;default&#8221; global_colors_info=&#8221;{}&#8221;][et_pb_image src=&#8221;https:\/\/reachingu.org\/wp-content\/uploads\/2025\/06\/SPONSORS-scaled.png&#8221; title_text=&#8221;SPONSORS&#8221; _builder_version=&#8221;4.27.4&#8243; _module_preset=&#8221;default&#8221; global_colors_info=&#8221;{}&#8221;][\/et_pb_image][et_pb_heading title=&#8221;SUPPORTED BY:&#8221; _builder_version=&#8221;4.27.4&#8243; _module_preset=&#8221;default&#8221; global_colors_info=&#8221;{}&#8221;][\/et_pb_heading][et_pb_image src=&#8221;https:\/\/reachingu.org\/wp-content\/uploads\/2025\/06\/APOYOS-scaled.png&#8221; title_text=&#8221;SUPPORTED BY:&#8221; _builder_version=&#8221;4.27.4&#8243; _module_preset=&#8221;default&#8221; global_colors_info=&#8221;{}&#8221;][\/et_pb_image][\/et_pb_column][\/et_pb_row][\/et_pb_section]<\/p>\n","protected":false},"excerpt":{"rendered":"<p>Soccer for Education: a day that brought together sports, values, and school communities&nbsp;Montevideo, June 10, 2025 \u2013 Fundaci\u00f3n ReachingU, in partnership with the Pelota al Medio program of the Ministry of the Interior and the UNESCO Office in Montevideo, held the first Soccer for Education event \u2014an initiative that brought together Uruguayan football legends and [&hellip;]<\/p>\n","protected":false},"author":8,"featured_media":0,"parent":0,"menu_order":0,"comment_status":"closed","ping_status":"closed","template":"","meta":{"_acf_changed":false,"_et_pb_use_builder":"on","_et_pb_old_content":"","_et_gb_content_width":"","footnotes":""},"dipi_cpt_category":[],"class_list":["post-21245258","page","type-page","status-publish","hentry"],"acf":[],"yoast_head":"<!-- This site is optimized with the Yoast SEO plugin v27.0 - https:\/\/yoast.com\/product\/yoast-seo-wordpress\/ -->\n<title>Soccer for Education: a day that brought together sports, values, and school communities - ReachingU<\/title>\n<meta name=\"robots\" content=\"index, follow, max-snippet:-1, max-image-preview:large, max-video-preview:-1\" \/>\n<link rel=\"canonical\" href=\"https:\/\/reachingu.org\/futbol-por-la-educacion-2025\/\" \/>\n<meta property=\"og:locale\" content=\"en_US\" \/>\n<meta property=\"og:type\" content=\"article\" \/>\n<meta property=\"og:title\" content=\"Soccer for Education: a day that brought together sports, values, and school communities - ReachingU\" \/>\n<meta property=\"og:description\" content=\"Soccer for Education: a day that brought together sports, values, and school communities&nbsp;Montevideo, June 10, 2025 \u2013 Fundaci\u00f3n ReachingU, in partnership with the Pelota al Medio program of the Ministry of the Interior and the UNESCO Office in Montevideo, held the first Soccer for Education event \u2014an initiative that brought together Uruguayan football legends and [&hellip;]\" \/>\n<meta property=\"og:url\" content=\"https:\/\/reachingu.org\/futbol-por-la-educacion-2025\/\" \/>\n<meta property=\"og:site_name\" content=\"ReachingU\" \/>\n<meta property=\"article:publisher\" content=\"https:\/\/www.facebook.com\/ReachingU.org\/\" \/>\n<meta property=\"article:modified_time\" content=\"2025-07-01T19:26:26+00:00\" \/>\n<meta property=\"og:image\" content=\"https:\/\/live.staticflickr.com\/65535\/54585148980_dbacf83cf9_b.jpg\" \/>\n<meta name=\"twitter:card\" content=\"summary_large_image\" \/>\n<meta name=\"twitter:label1\" content=\"Est. reading time\" \/>\n\t<meta name=\"twitter:data1\" content=\"4 minutes\" \/>\n<script type=\"application\/ld+json\" class=\"yoast-schema-graph\">{\"@context\":\"https:\/\/schema.org\",\"@graph\":[{\"@type\":\"WebPage\",\"@id\":\"https:\/\/reachingu.org\/futbol-por-la-educacion-2025\/\",\"url\":\"https:\/\/reachingu.org\/futbol-por-la-educacion-2025\/\",\"name\":\"Soccer for Education: a day that brought together sports, values, and school communities - ReachingU\",\"isPartOf\":{\"@id\":\"https:\/\/reachingu.org\/#website\"},\"primaryImageOfPage\":{\"@id\":\"https:\/\/reachingu.org\/futbol-por-la-educacion-2025\/#primaryimage\"},\"image\":{\"@id\":\"https:\/\/reachingu.org\/futbol-por-la-educacion-2025\/#primaryimage\"},\"thumbnailUrl\":\"https:\/\/live.staticflickr.com\/65535\/54585148980_dbacf83cf9_b.jpg\",\"datePublished\":\"2025-06-12T16:25:19+00:00\",\"dateModified\":\"2025-07-01T19:26:26+00:00\",\"breadcrumb\":{\"@id\":\"https:\/\/reachingu.org\/futbol-por-la-educacion-2025\/#breadcrumb\"},\"inLanguage\":\"en-US\",\"potentialAction\":[{\"@type\":\"ReadAction\",\"target\":[\"https:\/\/reachingu.org\/futbol-por-la-educacion-2025\/\"]}]},{\"@type\":\"ImageObject\",\"inLanguage\":\"en-US\",\"@id\":\"https:\/\/reachingu.org\/futbol-por-la-educacion-2025\/#primaryimage\",\"url\":\"https:\/\/live.staticflickr.com\/65535\/54585148980_dbacf83cf9_b.jpg\",\"contentUrl\":\"https:\/\/live.staticflickr.com\/65535\/54585148980_dbacf83cf9_b.jpg\"},{\"@type\":\"BreadcrumbList\",\"@id\":\"https:\/\/reachingu.org\/futbol-por-la-educacion-2025\/#breadcrumb\",\"itemListElement\":[{\"@type\":\"ListItem\",\"position\":1,\"name\":\"Portada\",\"item\":\"https:\/\/reachingu.org\/\"},{\"@type\":\"ListItem\",\"position\":2,\"name\":\"Soccer for Education: a day that brought together sports, values, and school communities\"}]},{\"@type\":\"WebSite\",\"@id\":\"https:\/\/reachingu.org\/#website\",\"url\":\"https:\/\/reachingu.org\/\",\"name\":\"ReachingU\",\"description\":\"\",\"publisher\":{\"@id\":\"https:\/\/reachingu.org\/#organization\"},\"potentialAction\":[{\"@type\":\"SearchAction\",\"target\":{\"@type\":\"EntryPoint\",\"urlTemplate\":\"https:\/\/reachingu.org\/?s={search_term_string}\"},\"query-input\":{\"@type\":\"PropertyValueSpecification\",\"valueRequired\":true,\"valueName\":\"search_term_string\"}}],\"inLanguage\":\"en-US\"},{\"@type\":\"Organization\",\"@id\":\"https:\/\/reachingu.org\/#organization\",\"name\":\"ReachingU\",\"url\":\"https:\/\/reachingu.org\/\",\"logo\":{\"@type\":\"ImageObject\",\"inLanguage\":\"en-US\",\"@id\":\"https:\/\/reachingu.org\/#\/schema\/logo\/image\/\",\"url\":\"https:\/\/reachingu.org\/wp-content\/uploads\/2025\/06\/RU_logo-nuevo_transparete-horizontal-01-2-scaled.png\",\"contentUrl\":\"https:\/\/reachingu.org\/wp-content\/uploads\/2025\/06\/RU_logo-nuevo_transparete-horizontal-01-2-scaled.png\",\"width\":2560,\"height\":752,\"caption\":\"ReachingU\"},\"image\":{\"@id\":\"https:\/\/reachingu.org\/#\/schema\/logo\/image\/\"},\"sameAs\":[\"https:\/\/www.facebook.com\/ReachingU.org\/\",\"https:\/\/www.linkedin.com\/company\/reaching-u---a-foundation-for-uruguay\",\"https:\/\/www.instagram.com\/reachingu\/\"]}]}<\/script>\n<!-- \/ Yoast SEO plugin. -->","yoast_head_json":{"title":"Soccer for Education: a day that brought together sports, values, and school communities - ReachingU","robots":{"index":"index","follow":"follow","max-snippet":"max-snippet:-1","max-image-preview":"max-image-preview:large","max-video-preview":"max-video-preview:-1"},"canonical":"https:\/\/reachingu.org\/futbol-por-la-educacion-2025\/","og_locale":"en_US","og_type":"article","og_title":"Soccer for Education: a day that brought together sports, values, and school communities - ReachingU","og_description":"Soccer for Education: a day that brought together sports, values, and school communities&nbsp;Montevideo, June 10, 2025 \u2013 Fundaci\u00f3n ReachingU, in partnership with the Pelota al Medio program of the Ministry of the Interior and the UNESCO Office in Montevideo, held the first Soccer for Education event \u2014an initiative that brought together Uruguayan football legends and [&hellip;]","og_url":"https:\/\/reachingu.org\/futbol-por-la-educacion-2025\/","og_site_name":"ReachingU","article_publisher":"https:\/\/www.facebook.com\/ReachingU.org\/","article_modified_time":"2025-07-01T19:26:26+00:00","og_image":[{"url":"https:\/\/live.staticflickr.com\/65535\/54585148980_dbacf83cf9_b.jpg","type":"","width":"","height":""}],"twitter_card":"summary_large_image","twitter_misc":{"Est. reading time":"4 minutes"},"schema":{"@context":"https:\/\/schema.org","@graph":[{"@type":"WebPage","@id":"https:\/\/reachingu.org\/futbol-por-la-educacion-2025\/","url":"https:\/\/reachingu.org\/futbol-por-la-educacion-2025\/","name":"Soccer for Education: a day that brought together sports, values, and school communities - ReachingU","isPartOf":{"@id":"https:\/\/reachingu.org\/#website"},"primaryImageOfPage":{"@id":"https:\/\/reachingu.org\/futbol-por-la-educacion-2025\/#primaryimage"},"image":{"@id":"https:\/\/reachingu.org\/futbol-por-la-educacion-2025\/#primaryimage"},"thumbnailUrl":"https:\/\/live.staticflickr.com\/65535\/54585148980_dbacf83cf9_b.jpg","datePublished":"2025-06-12T16:25:19+00:00","dateModified":"2025-07-01T19:26:26+00:00","breadcrumb":{"@id":"https:\/\/reachingu.org\/futbol-por-la-educacion-2025\/#breadcrumb"},"inLanguage":"en-US","potentialAction":[{"@type":"ReadAction","target":["https:\/\/reachingu.org\/futbol-por-la-educacion-2025\/"]}]},{"@type":"ImageObject","inLanguage":"en-US","@id":"https:\/\/reachingu.org\/futbol-por-la-educacion-2025\/#primaryimage","url":"https:\/\/live.staticflickr.com\/65535\/54585148980_dbacf83cf9_b.jpg","contentUrl":"https:\/\/live.staticflickr.com\/65535\/54585148980_dbacf83cf9_b.jpg"},{"@type":"BreadcrumbList","@id":"https:\/\/reachingu.org\/futbol-por-la-educacion-2025\/#breadcrumb","itemListElement":[{"@type":"ListItem","position":1,"name":"Portada","item":"https:\/\/reachingu.org\/"},{"@type":"ListItem","position":2,"name":"Soccer for Education: a day that brought together sports, values, and school communities"}]},{"@type":"WebSite","@id":"https:\/\/reachingu.org\/#website","url":"https:\/\/reachingu.org\/","name":"ReachingU","description":"","publisher":{"@id":"https:\/\/reachingu.org\/#organization"},"potentialAction":[{"@type":"SearchAction","target":{"@type":"EntryPoint","urlTemplate":"https:\/\/reachingu.org\/?s={search_term_string}"},"query-input":{"@type":"PropertyValueSpecification","valueRequired":true,"valueName":"search_term_string"}}],"inLanguage":"en-US"},{"@type":"Organization","@id":"https:\/\/reachingu.org\/#organization","name":"ReachingU","url":"https:\/\/reachingu.org\/","logo":{"@type":"ImageObject","inLanguage":"en-US","@id":"https:\/\/reachingu.org\/#\/schema\/logo\/image\/","url":"https:\/\/reachingu.org\/wp-content\/uploads\/2025\/06\/RU_logo-nuevo_transparete-horizontal-01-2-scaled.png","contentUrl":"https:\/\/reachingu.org\/wp-content\/uploads\/2025\/06\/RU_logo-nuevo_transparete-horizontal-01-2-scaled.png","width":2560,"height":752,"caption":"ReachingU"},"image":{"@id":"https:\/\/reachingu.org\/#\/schema\/logo\/image\/"},"sameAs":["https:\/\/www.facebook.com\/ReachingU.org\/","https:\/\/www.linkedin.com\/company\/reaching-u---a-foundation-for-uruguay","https:\/\/www.instagram.com\/reachingu\/"]}]}},"_links":{"self":[{"href":"https:\/\/reachingu.org\/en\/wp-json\/wp\/v2\/pages\/21245258","targetHints":{"allow":["GET"]}}],"collection":[{"href":"https:\/\/reachingu.org\/en\/wp-json\/wp\/v2\/pages"}],"about":[{"href":"https:\/\/reachingu.org\/en\/wp-json\/wp\/v2\/types\/page"}],"author":[{"embeddable":true,"href":"https:\/\/reachingu.org\/en\/wp-json\/wp\/v2\/users\/8"}],"replies":[{"embeddable":true,"href":"https:\/\/reachingu.org\/en\/wp-json\/wp\/v2\/comments?post=21245258"}],"version-history":[{"count":5,"href":"https:\/\/reachingu.org\/en\/wp-json\/wp\/v2\/pages\/21245258\/revisions"}],"predecessor-version":[{"id":21245410,"href":"https:\/\/reachingu.org\/en\/wp-json\/wp\/v2\/pages\/21245258\/revisions\/21245410"}],"wp:attachment":[{"href":"https:\/\/reachingu.org\/en\/wp-json\/wp\/v2\/media?parent=21245258"}],"wp:term":[{"taxonomy":"dipi_cpt_category","embeddable":true,"href":"https:\/\/reachingu.org\/en\/wp-json\/wp\/v2\/dipi_cpt_category?post=21245258"}],"curies":[{"name":"wp","href":"https:\/\/api.w.org\/{rel}","templated":true}]}}