{"id":3343,"date":"2021-06-19T23:28:24","date_gmt":"2021-06-19T23:28:24","guid":{"rendered":"https:\/\/reachingu.org\/volunteers\/"},"modified":"2025-07-02T19:04:49","modified_gmt":"2025-07-02T19:04:49","slug":"volunteers","status":"publish","type":"page","link":"https:\/\/reachingu.org\/en\/volunteers\/","title":{"rendered":"Volunteers"},"content":{"rendered":"<p>[et_pb_section fb_built=&#8221;1&#8243; _builder_version=&#8221;4.16&#8243; _module_preset=&#8221;default&#8221; global_colors_info=&#8221;{}&#8221;][et_pb_row _builder_version=&#8221;4.23.1&#8243; _module_preset=&#8221;default&#8221; max_width=&#8221;80%&#8221; custom_margin=&#8221;||0px||false|false&#8221; custom_padding=&#8221;||20px||false|false&#8221; global_colors_info=&#8221;{}&#8221;][et_pb_column type=&#8221;4_4&#8243; _builder_version=&#8221;4.16&#8243; _module_preset=&#8221;default&#8221; global_colors_info=&#8221;{}&#8221;][et_pb_text _builder_version=&#8221;4.16&#8243; _module_preset=&#8221;default&#8221; header_font=&#8221;Poppins|800|||||||&#8221; header_text_color=&#8221;#001b72&#8243; header_font_size=&#8221;40px&#8221; header_2_font=&#8221;Poppins|800|||||||&#8221; header_2_text_color=&#8221;#001b72&#8243; header_2_font_size=&#8221;40px&#8221; custom_margin=&#8221;||0px||false|false&#8221; custom_padding=&#8221;||0px||false|false&#8221; global_colors_info=&#8221;{}&#8221;]<\/p>\n<h1>Volunteers<\/h1>\n<p>[\/et_pb_text][\/et_pb_column][\/et_pb_row][et_pb_row column_structure=&#8221;2_5,3_5&#8243; admin_label=&#8221;Row&#8221; _builder_version=&#8221;4.23.1&#8243; _module_preset=&#8221;default&#8221; max_width=&#8221;80%&#8221; global_colors_info=&#8221;{}&#8221;][et_pb_column type=&#8221;2_5&#8243; _builder_version=&#8221;4.16&#8243; _module_preset=&#8221;default&#8221; global_colors_info=&#8221;{}&#8221;][et_pb_image src=&#8221;https:\/\/reachingu.org\/wp-content\/uploads\/2021\/04\/foto-voluntarios.png&#8221; title_text=&#8221;foto-voluntarios&#8221; _builder_version=&#8221;4.23.2&#8243; _module_preset=&#8221;default&#8221; global_colors_info=&#8221;{}&#8221;][\/et_pb_image][\/et_pb_column][et_pb_column type=&#8221;3_5&#8243; _builder_version=&#8221;4.16&#8243; _module_preset=&#8221;default&#8221; global_colors_info=&#8221;{}&#8221;][et_pb_text _builder_version=&#8221;4.27.4&#8243; _module_preset=&#8221;default&#8221; header_2_font=&#8221;Poppins|600|||||||&#8221; header_2_font_size=&#8221;2em&#8221; header_2_line_height=&#8221;1.2em&#8221; hover_enabled=&#8221;0&#8243; header_2_font_size_tablet=&#8221;28px&#8221; header_2_font_size_phone=&#8221;&#8221; header_2_font_size_last_edited=&#8221;on|tablet&#8221; global_colors_info=&#8221;{}&#8221; sticky_enabled=&#8221;0&#8243;]<\/p>\n<h2>Fundaci\u00f3n ReachingU Fundaci\u00f3n ReachingU es una organizaci\u00f3n independiente, sin afiliaci\u00f3n pol\u00edtica ni religiosa, comprometida con mejorar la educaci\u00f3n en los sectores m\u00e1s vulnerables de Uruguay.<\/h2>\n<p>[\/et_pb_text][\/et_pb_column][\/et_pb_row][et_pb_row _builder_version=&#8221;4.23.1&#8243; _module_preset=&#8221;default&#8221; max_width=&#8221;80%&#8221; global_colors_info=&#8221;{}&#8221;][et_pb_column type=&#8221;4_4&#8243; _builder_version=&#8221;4.22.1&#8243; _module_preset=&#8221;default&#8221; global_colors_info=&#8221;{}&#8221;][et_pb_text _builder_version=&#8221;4.23.1&#8243; _module_preset=&#8221;default&#8221; text_font_size=&#8221;2em&#8221; text_line_height=&#8221;1.2em&#8221; header_2_font=&#8221;Poppins|600|||||||&#8221; header_2_font_size=&#8221;1.1em&#8221; header_2_line_height=&#8221;1.2em&#8221; header_2_font_size_tablet=&#8221;28px&#8221; header_2_font_size_phone=&#8221;&#8221; header_2_font_size_last_edited=&#8221;on|tablet&#8221; global_colors_info=&#8221;{}&#8221;]<\/p>\n<h2>All Fundaci\u00f3n ReachingU volunteers dedicate professional and personal skills, time and material resources to work for the organization. In addition, they help strengthen and expand contact networks, bringing new volunteers and donors.<\/h2>\n<p>[\/et_pb_text][\/et_pb_column][\/et_pb_row][et_pb_row _builder_version=&#8221;4.23.1&#8243; _module_preset=&#8221;default&#8221; max_width=&#8221;80%&#8221; global_colors_info=&#8221;{}&#8221;][et_pb_column type=&#8221;4_4&#8243; _builder_version=&#8221;4.16&#8243; _module_preset=&#8221;default&#8221; global_colors_info=&#8221;{}&#8221;][et_pb_testimonial author=&#8221;Valentina Olivella&#8221; job_title=&#8221;Volunteer in Montevideo&#8221; portrait_url=&#8221;https:\/\/reachingu.org\/wp-content\/uploads\/2021\/04\/Valentina.jpg&#8221; quote_icon_color=&#8221;#001b72&#8243; use_icon_font_size=&#8221;on&#8221; icon_font_size=&#8221;46px&#8221; _builder_version=&#8221;4.23.1&#8243; _module_preset=&#8221;default&#8221; body_font=&#8221;Poppins||||||||&#8221; body_text_color=&#8221;#FFFFFF&#8221; body_font_size=&#8221;15px&#8221; author_font=&#8221;|800|||||||&#8221; author_text_color=&#8221;#FFFFFF&#8221; position_font=&#8221;Poppins||||||||&#8221; position_text_color=&#8221;#FFFFFF&#8221; position_font_size=&#8221;13px&#8221; company_font=&#8221;Poppins|300|||||||&#8221; company_font_size=&#8221;12px&#8221; background_color=&#8221;#001b72&#8243; custom_padding=&#8221;52px||||false|false&#8221; global_colors_info=&#8221;{}&#8221;]<\/p>\n<p>\u201cMy motivation is the vision of the organization, its constant search for new challenges\/opportunities to improve the quality of life of Uruguayan children, the possibility of doing our share to give them a better future, and the excellent group of people with whom we work weekly.<\/p>\n<p><\/p>\n<p>I am fully convinced that the starting point of any change\/development is education.\u201d<\/p>\n<p>[\/et_pb_testimonial][\/et_pb_column][\/et_pb_row][et_pb_row column_structure=&#8221;1_2,1_2&#8243; _builder_version=&#8221;4.23.1&#8243; _module_preset=&#8221;default&#8221; max_width=&#8221;80%&#8221; global_colors_info=&#8221;{}&#8221;][et_pb_column type=&#8221;1_2&#8243; _builder_version=&#8221;4.16&#8243; _module_preset=&#8221;default&#8221; global_colors_info=&#8221;{}&#8221;][et_pb_testimonial author=&#8221;Denisse Norman Stainfeld&#8221; job_title=&#8221;Volunteer in New York&#8221; portrait_url=&#8221;https:\/\/reachingu.org\/wp-content\/uploads\/2021\/04\/denisse2-1.jpg&#8221; quote_icon_color=&#8221;#001b72&#8243; use_icon_font_size=&#8221;on&#8221; icon_font_size=&#8221;46px&#8221; _builder_version=&#8221;4.23.1&#8243; _module_preset=&#8221;default&#8221; body_font=&#8221;Poppins||||||||&#8221; body_text_color=&#8221;#FFFFFF&#8221; body_font_size=&#8221;15px&#8221; author_font=&#8221;|800|||||||&#8221; author_text_color=&#8221;#FFFFFF&#8221; position_font=&#8221;Poppins||||||||&#8221; position_text_color=&#8221;#FFFFFF&#8221; position_font_size=&#8221;13px&#8221; company_font=&#8221;Poppins|300|||||||&#8221; company_font_size=&#8221;12px&#8221; background_color=&#8221;#001b72&#8243; custom_padding=&#8221;62px||62px||true|false&#8221; global_colors_info=&#8221;{}&#8221;]<\/p>\n<p>\u201cWhat I value most about ReachingU is that it is continually built on the heart and soul effort and passion of the volunteers, the directors and a small highly qualified and devoted staff.\u201d<\/p>\n<p>[\/et_pb_testimonial][\/et_pb_column][et_pb_column type=&#8221;1_2&#8243; _builder_version=&#8221;4.16&#8243; _module_preset=&#8221;default&#8221; global_colors_info=&#8221;{}&#8221;][et_pb_testimonial author=&#8221;Blanca Sapelli&#8221; job_title=&#8221;Volunteer in Miami&#8221; portrait_url=&#8221;https:\/\/reachingu.org\/wp-content\/uploads\/2021\/04\/blanca.jpg&#8221; quote_icon_color=&#8221;#001b72&#8243; use_icon_font_size=&#8221;on&#8221; icon_font_size=&#8221;46px&#8221; _builder_version=&#8221;4.23.1&#8243; _module_preset=&#8221;default&#8221; body_font=&#8221;Poppins||||||||&#8221; body_text_color=&#8221;#FFFFFF&#8221; body_font_size=&#8221;15px&#8221; author_font=&#8221;|800|||||||&#8221; author_text_color=&#8221;#FFFFFF&#8221; position_font=&#8221;Poppins||||||||&#8221; position_text_color=&#8221;#FFFFFF&#8221; position_font_size=&#8221;13px&#8221; company_font=&#8221;Poppins|300|||||||&#8221; company_font_size=&#8221;12px&#8221; background_color=&#8221;#001b72&#8243; custom_padding=&#8221;52px||||false|false&#8221; global_colors_info=&#8221;{}&#8221;]<\/p>\n<p>\u201cThe transparency and responsibility of the teams managing the funds and projects in Montevideo are also fundamental for me. I know firsthand the hard work accomplished by everyone, the impact of the implementation of the programs and their follow-up\u201d<\/p>\n<p>[\/et_pb_testimonial][\/et_pb_column][\/et_pb_row][et_pb_row column_structure=&#8221;1_3,1_3,1_3&#8243; _builder_version=&#8221;4.23.1&#8243; _module_preset=&#8221;default&#8221; max_width=&#8221;80%&#8221; global_colors_info=&#8221;{}&#8221;][et_pb_column type=&#8221;1_3&#8243; _builder_version=&#8221;4.16&#8243; _module_preset=&#8221;default&#8221; global_colors_info=&#8221;{}&#8221;][et_pb_text _builder_version=&#8221;4.24.2&#8243; _module_preset=&#8221;default&#8221; text_font=&#8221;Poppins||||||||&#8221; text_text_color=&#8221;#000000&#8243; header_font=&#8221;|600|||||||&#8221; header_3_font=&#8221;Poppins|500|||||||&#8221; header_3_font_size=&#8221;16px&#8221; header_4_font=&#8221;Poppins|500||on|||||&#8221; header_4_font_size=&#8221;16px&#8221; global_colors_info=&#8221;{}&#8221;]<\/p>\n<h3><strong>Montevideo\u00a0<\/strong><\/h3>\n<p><\/p>\n<h4>URUGUAY<\/h4>\n<p><\/p>\n<p>Cecilia Bergengruen<br \/>Cecilia Orlando<br \/>Daniela Bianchi<br \/>Florencia Martinelli<br \/>Florencia Ser\u00e9<br \/>In\u00e9s Labat<br \/>Macarena Castellanos<br \/>Magdalena Pol<br \/>Mar\u00eda Vald\u00e9s<br \/>Mar\u00eda Noel Coates<br \/>Mat\u00edas Bergengruen<br \/>Paulina Fern\u00e1ndez<br \/>Tati Paz<br \/>Valentina Dabezies<br \/>Valentina Olivella<\/p>\n<p>[\/et_pb_text][\/et_pb_column][et_pb_column type=&#8221;1_3&#8243; _builder_version=&#8221;4.16&#8243; _module_preset=&#8221;default&#8221; global_colors_info=&#8221;{}&#8221;][et_pb_text _builder_version=&#8221;4.24.2&#8243; _module_preset=&#8221;default&#8221; text_font=&#8221;Poppins||||||||&#8221; text_text_color=&#8221;#000000&#8243; header_font=&#8221;|600|||||||&#8221; header_3_font=&#8221;Poppins|500|||||||&#8221; header_3_font_size=&#8221;16px&#8221; header_4_font=&#8221;Poppins|500||on|||||&#8221; header_4_font_size=&#8221;16px&#8221; global_colors_info=&#8221;{}&#8221;]<\/p>\n<h3><strong>New York City<\/strong><\/h3>\n<p><\/p>\n<h4>UNITED STATES<\/h4>\n<p><\/p>\n<p>Ana Bluth<br \/>Ana Laura Cooney<br \/>Anah\u00ed De Canio<br \/>Cristina Weisz<br \/>Denisse Norman Stainfeld<br \/>Gonzalo Bava<br \/>Luc\u00eda Echenique Fossati<br \/>Natalia Toyos<br \/>Roc\u00edo Ra\u00f1a<br \/>Sof\u00eda Mannocci<br \/>Sylvia Gross<\/p>\n<p>[\/et_pb_text][\/et_pb_column][et_pb_column type=&#8221;1_3&#8243; _builder_version=&#8221;4.16&#8243; _module_preset=&#8221;default&#8221; global_colors_info=&#8221;{}&#8221;][et_pb_text _builder_version=&#8221;4.24.2&#8243; _module_preset=&#8221;default&#8221; text_font=&#8221;Poppins||||||||&#8221; text_text_color=&#8221;#000000&#8243; header_font=&#8221;|600|||||||&#8221; header_3_font=&#8221;Poppins|500|||||||&#8221; header_3_font_size=&#8221;16px&#8221; header_4_font=&#8221;Poppins|500||on|||||&#8221; header_4_font_size=&#8221;16px&#8221; global_colors_info=&#8221;{}&#8221;]<\/p>\n<h3><strong>Miami<\/strong><\/h3>\n<p><\/p>\n<h4>UNITED STATES<\/h4>\n<p><\/p>\n<p>Blanca Bergengruen<br \/>Gimena Pereyra<br \/>Guadalupe Mart\u00ednez<br \/>Mar\u00eda Eugenia Vilar del Valle<\/p>\n<p>[\/et_pb_text][et_pb_text _builder_version=&#8221;4.24.2&#8243; _module_preset=&#8221;default&#8221; text_font=&#8221;Poppins||||||||&#8221; text_text_color=&#8221;#000000&#8243; header_font=&#8221;|600|||||||&#8221; header_3_font=&#8221;Poppins|500|||||||&#8221; header_3_font_size=&#8221;16px&#8221; header_4_font=&#8221;Poppins|500||on|||||&#8221; header_4_font_size=&#8221;16px&#8221; global_colors_info=&#8221;{}&#8221;]<\/p>\n<h3><strong>Washington DC<\/strong><\/h3>\n<p><\/p>\n<h4>UNITED STATES<\/h4>\n<p><\/p>\n<p>Luc\u00eda L\u00f3pez<\/p>\n<p>[\/et_pb_text][\/et_pb_column][\/et_pb_row][\/et_pb_section]<\/p>\n","protected":false},"excerpt":{"rendered":"<p>VolunteersFundaci\u00f3n ReachingU Fundaci\u00f3n ReachingU es una organizaci\u00f3n independiente, sin afiliaci\u00f3n pol\u00edtica ni religiosa, comprometida con mejorar la educaci\u00f3n en los sectores m\u00e1s vulnerables de Uruguay.All Fundaci\u00f3n ReachingU volunteers dedicate professional and personal skills, time and material resources to work for the organization. In addition, they help strengthen and expand contact networks, bringing new volunteers and [&hellip;]<\/p>\n","protected":false},"author":8,"featured_media":0,"parent":0,"menu_order":0,"comment_status":"closed","ping_status":"closed","template":"","meta":{"_acf_changed":false,"_et_pb_use_builder":"on","_et_pb_old_content":"","_et_gb_content_width":"","footnotes":""},"dipi_cpt_category":[],"class_list":["post-3343","page","type-page","status-publish","hentry"],"acf":[],"yoast_head":"<!-- This site is optimized with the Yoast SEO plugin v27.0 - https:\/\/yoast.com\/product\/yoast-seo-wordpress\/ -->\n<title>Volunteers - ReachingU<\/title>\n<meta name=\"robots\" content=\"index, follow, max-snippet:-1, max-image-preview:large, max-video-preview:-1\" \/>\n<link rel=\"canonical\" href=\"https:\/\/reachingu.org\/voluntarios\/\" \/>\n<meta property=\"og:locale\" content=\"en_US\" \/>\n<meta property=\"og:type\" content=\"article\" \/>\n<meta property=\"og:title\" content=\"Volunteers - ReachingU\" \/>\n<meta property=\"og:description\" content=\"VolunteersFundaci\u00f3n ReachingU Fundaci\u00f3n ReachingU es una organizaci\u00f3n independiente, sin afiliaci\u00f3n pol\u00edtica ni religiosa, comprometida con mejorar la educaci\u00f3n en los sectores m\u00e1s vulnerables de Uruguay.All Fundaci\u00f3n ReachingU volunteers dedicate professional and personal skills, time and material resources to work for the organization. In addition, they help strengthen and expand contact networks, bringing new volunteers and [&hellip;]\" \/>\n<meta property=\"og:url\" content=\"https:\/\/reachingu.org\/voluntarios\/\" \/>\n<meta property=\"og:site_name\" content=\"ReachingU\" \/>\n<meta property=\"article:publisher\" content=\"https:\/\/www.facebook.com\/ReachingU.org\/\" \/>\n<meta property=\"article:modified_time\" content=\"2025-07-02T19:04:49+00:00\" \/>\n<meta name=\"twitter:card\" content=\"summary_large_image\" \/>\n<meta name=\"twitter:label1\" content=\"Est. reading time\" \/>\n\t<meta name=\"twitter:data1\" content=\"6 minutes\" \/>\n<script type=\"application\/ld+json\" class=\"yoast-schema-graph\">{\"@context\":\"https:\/\/schema.org\",\"@graph\":[{\"@type\":\"WebPage\",\"@id\":\"https:\/\/reachingu.org\/voluntarios\/\",\"url\":\"https:\/\/reachingu.org\/voluntarios\/\",\"name\":\"Volunteers - ReachingU\",\"isPartOf\":{\"@id\":\"https:\/\/reachingu.org\/#website\"},\"datePublished\":\"2021-06-19T23:28:24+00:00\",\"dateModified\":\"2025-07-02T19:04:49+00:00\",\"breadcrumb\":{\"@id\":\"https:\/\/reachingu.org\/voluntarios\/#breadcrumb\"},\"inLanguage\":\"en-US\",\"potentialAction\":[{\"@type\":\"ReadAction\",\"target\":[\"https:\/\/reachingu.org\/voluntarios\/\"]}]},{\"@type\":\"BreadcrumbList\",\"@id\":\"https:\/\/reachingu.org\/voluntarios\/#breadcrumb\",\"itemListElement\":[{\"@type\":\"ListItem\",\"position\":1,\"name\":\"Portada\",\"item\":\"https:\/\/reachingu.org\/\"},{\"@type\":\"ListItem\",\"position\":2,\"name\":\"Volunteers\"}]},{\"@type\":\"WebSite\",\"@id\":\"https:\/\/reachingu.org\/#website\",\"url\":\"https:\/\/reachingu.org\/\",\"name\":\"ReachingU\",\"description\":\"\",\"publisher\":{\"@id\":\"https:\/\/reachingu.org\/#organization\"},\"potentialAction\":[{\"@type\":\"SearchAction\",\"target\":{\"@type\":\"EntryPoint\",\"urlTemplate\":\"https:\/\/reachingu.org\/?s={search_term_string}\"},\"query-input\":{\"@type\":\"PropertyValueSpecification\",\"valueRequired\":true,\"valueName\":\"search_term_string\"}}],\"inLanguage\":\"en-US\"},{\"@type\":\"Organization\",\"@id\":\"https:\/\/reachingu.org\/#organization\",\"name\":\"ReachingU\",\"url\":\"https:\/\/reachingu.org\/\",\"logo\":{\"@type\":\"ImageObject\",\"inLanguage\":\"en-US\",\"@id\":\"https:\/\/reachingu.org\/#\/schema\/logo\/image\/\",\"url\":\"https:\/\/reachingu.org\/wp-content\/uploads\/2025\/06\/RU_logo-nuevo_transparete-horizontal-01-2-scaled.png\",\"contentUrl\":\"https:\/\/reachingu.org\/wp-content\/uploads\/2025\/06\/RU_logo-nuevo_transparete-horizontal-01-2-scaled.png\",\"width\":2560,\"height\":752,\"caption\":\"ReachingU\"},\"image\":{\"@id\":\"https:\/\/reachingu.org\/#\/schema\/logo\/image\/\"},\"sameAs\":[\"https:\/\/www.facebook.com\/ReachingU.org\/\",\"https:\/\/www.linkedin.com\/company\/reaching-u---a-foundation-for-uruguay\",\"https:\/\/www.instagram.com\/reachingu\/\"]}]}<\/script>\n<!-- \/ Yoast SEO plugin. -->","yoast_head_json":{"title":"Volunteers - ReachingU","robots":{"index":"index","follow":"follow","max-snippet":"max-snippet:-1","max-image-preview":"max-image-preview:large","max-video-preview":"max-video-preview:-1"},"canonical":"https:\/\/reachingu.org\/voluntarios\/","og_locale":"en_US","og_type":"article","og_title":"Volunteers - ReachingU","og_description":"VolunteersFundaci\u00f3n ReachingU Fundaci\u00f3n ReachingU es una organizaci\u00f3n independiente, sin afiliaci\u00f3n pol\u00edtica ni religiosa, comprometida con mejorar la educaci\u00f3n en los sectores m\u00e1s vulnerables de Uruguay.All Fundaci\u00f3n ReachingU volunteers dedicate professional and personal skills, time and material resources to work for the organization. In addition, they help strengthen and expand contact networks, bringing new volunteers and [&hellip;]","og_url":"https:\/\/reachingu.org\/voluntarios\/","og_site_name":"ReachingU","article_publisher":"https:\/\/www.facebook.com\/ReachingU.org\/","article_modified_time":"2025-07-02T19:04:49+00:00","twitter_card":"summary_large_image","twitter_misc":{"Est. reading time":"6 minutes"},"schema":{"@context":"https:\/\/schema.org","@graph":[{"@type":"WebPage","@id":"https:\/\/reachingu.org\/voluntarios\/","url":"https:\/\/reachingu.org\/voluntarios\/","name":"Volunteers - ReachingU","isPartOf":{"@id":"https:\/\/reachingu.org\/#website"},"datePublished":"2021-06-19T23:28:24+00:00","dateModified":"2025-07-02T19:04:49+00:00","breadcrumb":{"@id":"https:\/\/reachingu.org\/voluntarios\/#breadcrumb"},"inLanguage":"en-US","potentialAction":[{"@type":"ReadAction","target":["https:\/\/reachingu.org\/voluntarios\/"]}]},{"@type":"BreadcrumbList","@id":"https:\/\/reachingu.org\/voluntarios\/#breadcrumb","itemListElement":[{"@type":"ListItem","position":1,"name":"Portada","item":"https:\/\/reachingu.org\/"},{"@type":"ListItem","position":2,"name":"Volunteers"}]},{"@type":"WebSite","@id":"https:\/\/reachingu.org\/#website","url":"https:\/\/reachingu.org\/","name":"ReachingU","description":"","publisher":{"@id":"https:\/\/reachingu.org\/#organization"},"potentialAction":[{"@type":"SearchAction","target":{"@type":"EntryPoint","urlTemplate":"https:\/\/reachingu.org\/?s={search_term_string}"},"query-input":{"@type":"PropertyValueSpecification","valueRequired":true,"valueName":"search_term_string"}}],"inLanguage":"en-US"},{"@type":"Organization","@id":"https:\/\/reachingu.org\/#organization","name":"ReachingU","url":"https:\/\/reachingu.org\/","logo":{"@type":"ImageObject","inLanguage":"en-US","@id":"https:\/\/reachingu.org\/#\/schema\/logo\/image\/","url":"https:\/\/reachingu.org\/wp-content\/uploads\/2025\/06\/RU_logo-nuevo_transparete-horizontal-01-2-scaled.png","contentUrl":"https:\/\/reachingu.org\/wp-content\/uploads\/2025\/06\/RU_logo-nuevo_transparete-horizontal-01-2-scaled.png","width":2560,"height":752,"caption":"ReachingU"},"image":{"@id":"https:\/\/reachingu.org\/#\/schema\/logo\/image\/"},"sameAs":["https:\/\/www.facebook.com\/ReachingU.org\/","https:\/\/www.linkedin.com\/company\/reaching-u---a-foundation-for-uruguay","https:\/\/www.instagram.com\/reachingu\/"]}]}},"_links":{"self":[{"href":"https:\/\/reachingu.org\/en\/wp-json\/wp\/v2\/pages\/3343","targetHints":{"allow":["GET"]}}],"collection":[{"href":"https:\/\/reachingu.org\/en\/wp-json\/wp\/v2\/pages"}],"about":[{"href":"https:\/\/reachingu.org\/en\/wp-json\/wp\/v2\/types\/page"}],"author":[{"embeddable":true,"href":"https:\/\/reachingu.org\/en\/wp-json\/wp\/v2\/users\/8"}],"replies":[{"embeddable":true,"href":"https:\/\/reachingu.org\/en\/wp-json\/wp\/v2\/comments?post=3343"}],"version-history":[{"count":5,"href":"https:\/\/reachingu.org\/en\/wp-json\/wp\/v2\/pages\/3343\/revisions"}],"predecessor-version":[{"id":21245430,"href":"https:\/\/reachingu.org\/en\/wp-json\/wp\/v2\/pages\/3343\/revisions\/21245430"}],"wp:attachment":[{"href":"https:\/\/reachingu.org\/en\/wp-json\/wp\/v2\/media?parent=3343"}],"wp:term":[{"taxonomy":"dipi_cpt_category","embeddable":true,"href":"https:\/\/reachingu.org\/en\/wp-json\/wp\/v2\/dipi_cpt_category?post=3343"}],"curies":[{"name":"wp","href":"https:\/\/api.w.org\/{rel}","templated":true}]}}