{"id":9187,"date":"2022-03-29T18:28:20","date_gmt":"2022-03-29T18:28:20","guid":{"rendered":"https:\/\/reachingu.org\/formacion-de-docentes-educadores-y-directores-2022\/"},"modified":"2022-06-10T17:19:28","modified_gmt":"2022-06-10T17:19:28","slug":"principal-teachers-and-educators-training-2022","status":"publish","type":"page","link":"https:\/\/reachingu.org\/en\/principal-teachers-and-educators-training-2022\/","title":{"rendered":"Principal, teachers and educators training 2022"},"content":{"rendered":"<p>[et_pb_section fb_built=&#8221;1&#8243; _builder_version=&#8221;4.16&#8243; _module_preset=&#8221;default&#8221; global_colors_info=&#8221;{}&#8221;][et_pb_row _builder_version=&#8221;4.16&#8243; _module_preset=&#8221;default&#8221; custom_margin=&#8221;||0px||false|false&#8221; custom_padding=&#8221;||20px||false|false&#8221; global_colors_info=&#8221;{}&#8221;][et_pb_column type=&#8221;4_4&#8243; _builder_version=&#8221;4.16&#8243; _module_preset=&#8221;default&#8221; global_colors_info=&#8221;{}&#8221;][et_pb_text _builder_version=&#8221;4.16&#8243; _module_preset=&#8221;default&#8221; header_font=&#8221;Poppins|800|||||||&#8221; header_text_color=&#8221;#001b72&#8243; header_font_size=&#8221;40px&#8221; header_2_font=&#8221;Poppins|800|||||||&#8221; header_2_text_color=&#8221;#001b72&#8243; header_2_font_size=&#8221;40px&#8221; custom_margin=&#8221;||0px||false|false&#8221; custom_padding=&#8221;||0px||false|false&#8221; global_colors_info=&#8221;{}&#8221;]<\/p>\n<h1>Principal, teachers and educators training<\/h1>\n<p>[\/et_pb_text][\/et_pb_column][\/et_pb_row][et_pb_row column_structure=&#8221;2_5,3_5&#8243; disabled_on=&#8221;off|off|off&#8221; admin_label=&#8221;Row&#8221; _builder_version=&#8221;4.16&#8243; _module_preset=&#8221;default&#8221; custom_padding=&#8221;||16px|||&#8221; global_colors_info=&#8221;{}&#8221;][et_pb_column type=&#8221;2_5&#8243; _builder_version=&#8221;4.16&#8243; _module_preset=&#8221;default&#8221; global_colors_info=&#8221;{}&#8221;][et_pb_image src=&#8221;http:\/\/reachingu.org\/wp-content\/uploads\/2022\/03\/20190430-DEB_2153-Edit-scaled.jpg&#8221; title_text=&#8221;20190430-DEB_2153-Edit&#8221; _builder_version=&#8221;4.16&#8243; _module_preset=&#8221;default&#8221; custom_padding=&#8221;||0px|||&#8221; global_colors_info=&#8221;{}&#8221;][\/et_pb_image][\/et_pb_column][et_pb_column type=&#8221;3_5&#8243; _builder_version=&#8221;4.16&#8243; _module_preset=&#8221;default&#8221; global_colors_info=&#8221;{}&#8221;][et_pb_text _builder_version=&#8221;4.16.0&#8243; _module_preset=&#8221;default&#8221; text_font=&#8221;Poppins|300|||||||&#8221; global_colors_info=&#8221;{}&#8221;]<\/p>\n<p>Algunos de los conocimientos que recibieron en su formaci\u00f3n los docentes, educadores y directores de escuelas, como sucede con los que se imparten a los ni\u00f1os, tienen un tiempo de validez cada vez m\u00e1s corto. Por ello, es fundamental el aprendizaje continuo. Y, sobre todo, la motivaci\u00f3n para incorporar nuevos datos y pautas.<\/p>\n<h3>Estrategia<\/h3>\n<p>Crear modelos de intervenci\u00f3n que ayuden a quienes ense\u00f1an y a quienes los coordinan, a desear aprehender nuevas teor\u00edas y pr\u00e1cticas que puedan ser llevadas a las aulas.<\/p>\n<p>[\/et_pb_text][et_pb_image src=&#8221;http:\/\/reachingu.org\/wp-content\/uploads\/2021\/04\/puntitos.png&#8221; title_text=&#8221;puntitos&#8221; align=&#8221;right&#8221; _builder_version=&#8221;4.16&#8243; _module_preset=&#8221;default&#8221; width=&#8221;66%&#8221; global_colors_info=&#8221;{}&#8221;][\/et_pb_image][\/et_pb_column][\/et_pb_row][et_pb_row admin_label=&#8221;Row&#8221; _builder_version=&#8221;4.16&#8243; _module_preset=&#8221;default&#8221; custom_margin=&#8221;||0px||false|false&#8221; custom_padding=&#8221;11px||0px||false|false&#8221; global_colors_info=&#8221;{}&#8221;][et_pb_column type=&#8221;4_4&#8243; _builder_version=&#8221;4.16&#8243; _module_preset=&#8221;default&#8221; global_colors_info=&#8221;{}&#8221;][et_pb_text _builder_version=&#8221;4.16&#8243; _module_preset=&#8221;default&#8221; header_2_font=&#8221;Poppins|800|||||||&#8221; header_2_font_size=&#8221;34px&#8221; header_2_line_height=&#8221;1.2em&#8221; custom_margin=&#8221;0px||0px||false|false&#8221; custom_padding=&#8221;0px||0px||false|false&#8221; header_2_font_size_tablet=&#8221;28px&#8221; header_2_font_size_phone=&#8221;&#8221; header_2_font_size_last_edited=&#8221;on|tablet&#8221; global_colors_info=&#8221;{}&#8221;]<\/p>\n<h2>Programs<\/h2>\n<p>[\/et_pb_text][\/et_pb_column][\/et_pb_row][et_pb_row _builder_version=&#8221;4.16&#8243; _module_preset=&#8221;default&#8221; global_colors_info=&#8221;{}&#8221;][et_pb_column type=&#8221;4_4&#8243; _builder_version=&#8221;4.16&#8243; _module_preset=&#8221;default&#8221; global_colors_info=&#8221;{}&#8221;][dpdfg_filtergrid custom_query=&#8221;advanced&#8221; multiple_cpt=&#8221;project&#8221; use_taxonomy_terms=&#8221;on&#8221; multiple_taxonomies=&#8221;project_category&#8221; taxonomies_relation=&#8221;AND&#8221; include_terms=&#8221;65,14&#8243; terms_relation=&#8221;AND&#8221; exclude_taxonomies=&#8221;project_category&#8221; order=&#8221;ASC&#8221; thumbnail_size=&#8221;dfg_full&#8221; show_post_meta=&#8221;off&#8221; show_content=&#8221;on&#8221; strip_html=&#8221;off&#8221; show_filters=&#8221;off&#8221; show_pagination=&#8221;off&#8221; items_width=&#8221;18%&#8221; _builder_version=&#8221;4.16&#8243; _module_preset=&#8221;default&#8221; dpdfg_entry_title_font=&#8221;Poppins|600|||||||&#8221; dpdfg_entry_title_text_color=&#8221;#001b72&#8243; dpdfg_entry_title_font_size=&#8221;17px&#8221; dpdfg_entry_summary_font=&#8221;Poppins|300|||||||&#8221; dpdfg_entry_summary_font_size=&#8221;12px&#8221; dpdfg_entry_summary_line_height=&#8221;15px&#8221; dpdfg_entry_summary_font_size_tablet=&#8221;&#8221; dpdfg_entry_summary_font_size_phone=&#8221;&#8221; dpdfg_entry_summary_font_size_last_edited=&#8221;on|phone&#8221; dpdfg_entry_summary_line_height_tablet=&#8221;&#8221; dpdfg_entry_summary_line_height_phone=&#8221;&#8221; dpdfg_entry_summary_line_height_last_edited=&#8221;on|desktop&#8221; custom_css_entry-header=&#8221;padding-top: 20px !important;||padding-bottom: 15px !important;&#8221; global_colors_info=&#8221;{}&#8221;][\/dpdfg_filtergrid][\/et_pb_column][\/et_pb_row][et_pb_row _builder_version=&#8221;4.16&#8243; _module_preset=&#8221;default&#8221; custom_padding=&#8221;17px|||||&#8221; global_colors_info=&#8221;{}&#8221;][et_pb_column type=&#8221;4_4&#8243; _builder_version=&#8221;4.16&#8243; _module_preset=&#8221;default&#8221; global_colors_info=&#8221;{}&#8221;][et_pb_button button_url=&#8221;https:\/\/reachingu.org\/en\/2022-programs\/&#8221; button_text=&#8221;Learn more about other strategic areas&#8221; _builder_version=&#8221;4.16.0&#8243; _module_preset=&#8221;default&#8221; custom_button=&#8221;on&#8221; button_text_size=&#8221;17px&#8221; button_text_color=&#8221;#ffffff&#8221; button_bg_color=&#8221;#001b72&#8243; button_border_color=&#8221;#001b72&#8243; button_border_radius=&#8221;8px&#8221; button_font=&#8221;Poppins|300|||||||&#8221; button_icon=&#8221;&#x3d;||divi||400&#8243; button_icon_color=&#8221;#FFFFFF&#8221; button_on_hover=&#8221;off&#8221; custom_padding=&#8221;|43px|||false|false&#8221; global_colors_info=&#8221;{}&#8221;][\/et_pb_button][\/et_pb_column][\/et_pb_row][\/et_pb_section]<\/p>\n","protected":false},"excerpt":{"rendered":"<p>Principal, teachers and educators trainingAlgunos de los conocimientos que recibieron en su formaci\u00f3n los docentes, educadores y directores de escuelas, como sucede con los que se imparten a los ni\u00f1os, tienen un tiempo de validez cada vez m\u00e1s corto. Por ello, es fundamental el aprendizaje continuo. Y, sobre todo, la motivaci\u00f3n para incorporar nuevos datos [&hellip;]<\/p>\n","protected":false},"author":8,"featured_media":0,"parent":0,"menu_order":0,"comment_status":"closed","ping_status":"closed","template":"","meta":{"_acf_changed":false,"_et_pb_use_builder":"on","_et_pb_old_content":"","_et_gb_content_width":"","footnotes":""},"dipi_cpt_category":[],"class_list":["post-9187","page","type-page","status-publish","hentry"],"acf":[],"yoast_head":"<!-- This site is optimized with the Yoast SEO plugin v27.0 - https:\/\/yoast.com\/product\/yoast-seo-wordpress\/ -->\n<title>Principal, teachers and educators training 2022 - ReachingU<\/title>\n<meta name=\"robots\" content=\"index, follow, max-snippet:-1, max-image-preview:large, max-video-preview:-1\" \/>\n<link rel=\"canonical\" href=\"https:\/\/reachingu.org\/formacion-de-docentes-educadores-y-directores-2022\/\" \/>\n<meta property=\"og:locale\" content=\"en_US\" \/>\n<meta property=\"og:type\" content=\"article\" \/>\n<meta property=\"og:title\" content=\"Principal, teachers and educators training 2022 - ReachingU\" \/>\n<meta property=\"og:description\" content=\"Principal, teachers and educators trainingAlgunos de los conocimientos que recibieron en su formaci\u00f3n los docentes, educadores y directores de escuelas, como sucede con los que se imparten a los ni\u00f1os, tienen un tiempo de validez cada vez m\u00e1s corto. Por ello, es fundamental el aprendizaje continuo. Y, sobre todo, la motivaci\u00f3n para incorporar nuevos datos [&hellip;]\" \/>\n<meta property=\"og:url\" content=\"https:\/\/reachingu.org\/formacion-de-docentes-educadores-y-directores-2022\/\" \/>\n<meta property=\"og:site_name\" content=\"ReachingU\" \/>\n<meta property=\"article:publisher\" content=\"https:\/\/www.facebook.com\/ReachingU.org\/\" \/>\n<meta property=\"article:modified_time\" content=\"2022-06-10T17:19:28+00:00\" \/>\n<meta name=\"twitter:card\" content=\"summary_large_image\" \/>\n<meta name=\"twitter:label1\" content=\"Est. reading time\" \/>\n\t<meta name=\"twitter:data1\" content=\"4 minutes\" \/>\n<script type=\"application\/ld+json\" class=\"yoast-schema-graph\">{\"@context\":\"https:\/\/schema.org\",\"@graph\":[{\"@type\":\"WebPage\",\"@id\":\"https:\/\/reachingu.org\/formacion-de-docentes-educadores-y-directores-2022\/\",\"url\":\"https:\/\/reachingu.org\/formacion-de-docentes-educadores-y-directores-2022\/\",\"name\":\"Principal, teachers and educators training 2022 - ReachingU\",\"isPartOf\":{\"@id\":\"https:\/\/reachingu.org\/#website\"},\"datePublished\":\"2022-03-29T18:28:20+00:00\",\"dateModified\":\"2022-06-10T17:19:28+00:00\",\"breadcrumb\":{\"@id\":\"https:\/\/reachingu.org\/formacion-de-docentes-educadores-y-directores-2022\/#breadcrumb\"},\"inLanguage\":\"en-US\",\"potentialAction\":[{\"@type\":\"ReadAction\",\"target\":[\"https:\/\/reachingu.org\/formacion-de-docentes-educadores-y-directores-2022\/\"]}]},{\"@type\":\"BreadcrumbList\",\"@id\":\"https:\/\/reachingu.org\/formacion-de-docentes-educadores-y-directores-2022\/#breadcrumb\",\"itemListElement\":[{\"@type\":\"ListItem\",\"position\":1,\"name\":\"Portada\",\"item\":\"https:\/\/reachingu.org\/\"},{\"@type\":\"ListItem\",\"position\":2,\"name\":\"Principal, teachers and educators training 2022\"}]},{\"@type\":\"WebSite\",\"@id\":\"https:\/\/reachingu.org\/#website\",\"url\":\"https:\/\/reachingu.org\/\",\"name\":\"ReachingU\",\"description\":\"\",\"publisher\":{\"@id\":\"https:\/\/reachingu.org\/#organization\"},\"potentialAction\":[{\"@type\":\"SearchAction\",\"target\":{\"@type\":\"EntryPoint\",\"urlTemplate\":\"https:\/\/reachingu.org\/?s={search_term_string}\"},\"query-input\":{\"@type\":\"PropertyValueSpecification\",\"valueRequired\":true,\"valueName\":\"search_term_string\"}}],\"inLanguage\":\"en-US\"},{\"@type\":\"Organization\",\"@id\":\"https:\/\/reachingu.org\/#organization\",\"name\":\"ReachingU\",\"url\":\"https:\/\/reachingu.org\/\",\"logo\":{\"@type\":\"ImageObject\",\"inLanguage\":\"en-US\",\"@id\":\"https:\/\/reachingu.org\/#\/schema\/logo\/image\/\",\"url\":\"https:\/\/reachingu.org\/wp-content\/uploads\/2025\/06\/RU_logo-nuevo_transparete-horizontal-01-2-scaled.png\",\"contentUrl\":\"https:\/\/reachingu.org\/wp-content\/uploads\/2025\/06\/RU_logo-nuevo_transparete-horizontal-01-2-scaled.png\",\"width\":2560,\"height\":752,\"caption\":\"ReachingU\"},\"image\":{\"@id\":\"https:\/\/reachingu.org\/#\/schema\/logo\/image\/\"},\"sameAs\":[\"https:\/\/www.facebook.com\/ReachingU.org\/\",\"https:\/\/www.linkedin.com\/company\/reaching-u---a-foundation-for-uruguay\",\"https:\/\/www.instagram.com\/reachingu\/\"]}]}<\/script>\n<!-- \/ Yoast SEO plugin. -->","yoast_head_json":{"title":"Principal, teachers and educators training 2022 - ReachingU","robots":{"index":"index","follow":"follow","max-snippet":"max-snippet:-1","max-image-preview":"max-image-preview:large","max-video-preview":"max-video-preview:-1"},"canonical":"https:\/\/reachingu.org\/formacion-de-docentes-educadores-y-directores-2022\/","og_locale":"en_US","og_type":"article","og_title":"Principal, teachers and educators training 2022 - ReachingU","og_description":"Principal, teachers and educators trainingAlgunos de los conocimientos que recibieron en su formaci\u00f3n los docentes, educadores y directores de escuelas, como sucede con los que se imparten a los ni\u00f1os, tienen un tiempo de validez cada vez m\u00e1s corto. Por ello, es fundamental el aprendizaje continuo. Y, sobre todo, la motivaci\u00f3n para incorporar nuevos datos [&hellip;]","og_url":"https:\/\/reachingu.org\/formacion-de-docentes-educadores-y-directores-2022\/","og_site_name":"ReachingU","article_publisher":"https:\/\/www.facebook.com\/ReachingU.org\/","article_modified_time":"2022-06-10T17:19:28+00:00","twitter_card":"summary_large_image","twitter_misc":{"Est. reading time":"4 minutes"},"schema":{"@context":"https:\/\/schema.org","@graph":[{"@type":"WebPage","@id":"https:\/\/reachingu.org\/formacion-de-docentes-educadores-y-directores-2022\/","url":"https:\/\/reachingu.org\/formacion-de-docentes-educadores-y-directores-2022\/","name":"Principal, teachers and educators training 2022 - ReachingU","isPartOf":{"@id":"https:\/\/reachingu.org\/#website"},"datePublished":"2022-03-29T18:28:20+00:00","dateModified":"2022-06-10T17:19:28+00:00","breadcrumb":{"@id":"https:\/\/reachingu.org\/formacion-de-docentes-educadores-y-directores-2022\/#breadcrumb"},"inLanguage":"en-US","potentialAction":[{"@type":"ReadAction","target":["https:\/\/reachingu.org\/formacion-de-docentes-educadores-y-directores-2022\/"]}]},{"@type":"BreadcrumbList","@id":"https:\/\/reachingu.org\/formacion-de-docentes-educadores-y-directores-2022\/#breadcrumb","itemListElement":[{"@type":"ListItem","position":1,"name":"Portada","item":"https:\/\/reachingu.org\/"},{"@type":"ListItem","position":2,"name":"Principal, teachers and educators training 2022"}]},{"@type":"WebSite","@id":"https:\/\/reachingu.org\/#website","url":"https:\/\/reachingu.org\/","name":"ReachingU","description":"","publisher":{"@id":"https:\/\/reachingu.org\/#organization"},"potentialAction":[{"@type":"SearchAction","target":{"@type":"EntryPoint","urlTemplate":"https:\/\/reachingu.org\/?s={search_term_string}"},"query-input":{"@type":"PropertyValueSpecification","valueRequired":true,"valueName":"search_term_string"}}],"inLanguage":"en-US"},{"@type":"Organization","@id":"https:\/\/reachingu.org\/#organization","name":"ReachingU","url":"https:\/\/reachingu.org\/","logo":{"@type":"ImageObject","inLanguage":"en-US","@id":"https:\/\/reachingu.org\/#\/schema\/logo\/image\/","url":"https:\/\/reachingu.org\/wp-content\/uploads\/2025\/06\/RU_logo-nuevo_transparete-horizontal-01-2-scaled.png","contentUrl":"https:\/\/reachingu.org\/wp-content\/uploads\/2025\/06\/RU_logo-nuevo_transparete-horizontal-01-2-scaled.png","width":2560,"height":752,"caption":"ReachingU"},"image":{"@id":"https:\/\/reachingu.org\/#\/schema\/logo\/image\/"},"sameAs":["https:\/\/www.facebook.com\/ReachingU.org\/","https:\/\/www.linkedin.com\/company\/reaching-u---a-foundation-for-uruguay","https:\/\/www.instagram.com\/reachingu\/"]}]}},"_links":{"self":[{"href":"https:\/\/reachingu.org\/en\/wp-json\/wp\/v2\/pages\/9187","targetHints":{"allow":["GET"]}}],"collection":[{"href":"https:\/\/reachingu.org\/en\/wp-json\/wp\/v2\/pages"}],"about":[{"href":"https:\/\/reachingu.org\/en\/wp-json\/wp\/v2\/types\/page"}],"author":[{"embeddable":true,"href":"https:\/\/reachingu.org\/en\/wp-json\/wp\/v2\/users\/8"}],"replies":[{"embeddable":true,"href":"https:\/\/reachingu.org\/en\/wp-json\/wp\/v2\/comments?post=9187"}],"version-history":[{"count":5,"href":"https:\/\/reachingu.org\/en\/wp-json\/wp\/v2\/pages\/9187\/revisions"}],"predecessor-version":[{"id":10429,"href":"https:\/\/reachingu.org\/en\/wp-json\/wp\/v2\/pages\/9187\/revisions\/10429"}],"wp:attachment":[{"href":"https:\/\/reachingu.org\/en\/wp-json\/wp\/v2\/media?parent=9187"}],"wp:term":[{"taxonomy":"dipi_cpt_category","embeddable":true,"href":"https:\/\/reachingu.org\/en\/wp-json\/wp\/v2\/dipi_cpt_category?post=9187"}],"curies":[{"name":"wp","href":"https:\/\/api.w.org\/{rel}","templated":true}]}}